{"id":12924,"date":"2025-05-08T14:08:49","date_gmt":"2025-05-08T14:08:49","guid":{"rendered":"https:\/\/server8.berein.com\/emissarycosmetics\/?page_id=12924"},"modified":"2025-07-22T18:13:22","modified_gmt":"2025-07-22T18:13:22","slug":"contacto","status":"publish","type":"page","link":"https:\/\/server8.berein.com\/emissarycosmetics\/index.php\/contacto\/","title":{"rendered":"Contacto"},"content":{"rendered":"\t\t<div data-elementor-type=\"wp-page\" data-elementor-id=\"12924\" class=\"elementor elementor-12924\" data-elementor-post-type=\"page\">\n\t\t\t\t<div class=\"elementor-element elementor-element-a166534 e-con-full e-flex e-con e-parent\" data-id=\"a166534\" data-element_type=\"container\" data-settings=\"{&quot;background_background&quot;:&quot;video&quot;,&quot;background_video_link&quot;:&quot;https:\\\/\\\/vimeo.com\\\/1082563241&quot;,&quot;background_play_on_mobile&quot;:&quot;yes&quot;}\">\n\t\t<div class=\"elementor-background-video-container\">\n\t\t\t\t\t\t\t<div class=\"elementor-background-video-embed\"><\/div>\n\t\t\t\t\t\t<\/div><div class=\"elementor-element elementor-element-bea1677 e-con-full e-flex e-con e-child\" data-id=\"bea1677\" data-element_type=\"container\">\n\t\t<div class=\"elementor-element elementor-element-4dac9ca e-con-full e-flex e-con e-child\" data-id=\"4dac9ca\" data-element_type=\"container\">\n\t\t\t\t<div class=\"elementor-element elementor-element-bf15389 elementor-widget elementor-widget-woocommerce-breadcrumb\" data-id=\"bf15389\" data-element_type=\"widget\" data-widget_type=\"woocommerce-breadcrumb.default\">\n\t\t\t\t<div class=\"elementor-widget-container\">\n\t\t\t\t\t<nav class=\"woocommerce-breadcrumb\" aria-label=\"Breadcrumb\">Inicio<\/nav>\t\t\t\t<\/div>\n\t\t\t\t<\/div>\n\t\t\t\t<div class=\"elementor-element elementor-element-e391742 animated-slow futuristic-title elementor-invisible elementor-widget elementor-widget-heading\" data-id=\"e391742\" data-element_type=\"widget\" data-settings=\"{&quot;_animation&quot;:&quot;fadeInLeft&quot;,&quot;_animation_delay&quot;:200}\" data-widget_type=\"heading.default\">\n\t\t\t\t<div class=\"elementor-widget-container\">\n\t\t\t\t\t<h2 class=\"elementor-heading-title elementor-size-default\">Contacta <br>con nosotros<\/h2>\t\t\t\t<\/div>\n\t\t\t\t<\/div>\n\t\t\t\t<div class=\"elementor-element elementor-element-b3c3afd elementor-hidden-desktop elementor-hidden-tablet elementor-hidden-mobile elementor-widget elementor-widget-spacer\" data-id=\"b3c3afd\" data-element_type=\"widget\" data-widget_type=\"spacer.default\">\n\t\t\t\t<div class=\"elementor-widget-container\">\n\t\t\t\t\t\t\t<div class=\"elementor-spacer\">\n\t\t\t<div class=\"elementor-spacer-inner\"><\/div>\n\t\t<\/div>\n\t\t\t\t\t\t<\/div>\n\t\t\t\t<\/div>\n\t\t\t\t<div class=\"elementor-element elementor-element-42391c2 elementor-invisible elementor-widget elementor-widget-qi_addons_for_elementor_highlight\" data-id=\"42391c2\" data-element_type=\"widget\" data-settings=\"{&quot;_animation&quot;:&quot;fadeIn&quot;,&quot;_animation_delay&quot;:300}\" data-widget_type=\"qi_addons_for_elementor_highlight.default\">\n\t\t\t\t<div class=\"elementor-widget-container\">\n\t\t\t\t\t<h6 class=\"qodef-shortcode qodef-m qodef-qi-highlight qodef-qi--has-appear qodef-highlight-style--color\" data-appear-delay=\"1200\">\n\tSi tienes alguna duda o quieres saber m\u00e1s sobre <span class=\"qodef-highlight-text\" style=\"background-image: linear-gradient(to bottom, transparent 11%, #133DF2 11%, #133DF2 89%, transparent 89%)\">nuestra empresa<\/span> o <span class=\"qodef-highlight-text\" style=\"background-image: linear-gradient(to bottom, transparent 11%, #133DF2 11%, #133DF2 89%, transparent 89%)\">servicios, escr\u00edbenos y te atenderemos lo antes posible.<\/h6>\n\t\t\t\t<\/div>\n\t\t\t\t<\/div>\n\t\t\t\t<\/div>\n\t\t\t\t<\/div>\n\t\t\t\t<\/div>\n\t\t\t\t<section class=\"elementor-section elementor-top-section elementor-element elementor-element-de96ea6 elementor-section-full_width elementor-section-height-default elementor-section-height-default\" data-id=\"de96ea6\" data-element_type=\"section\" data-settings=\"{&quot;background_background&quot;:&quot;classic&quot;}\">\n\t\t\t\t\t\t<div class=\"elementor-container elementor-column-gap-no\">\n\t\t\t\t\t<div class=\"elementor-column elementor-col-100 elementor-top-column elementor-element elementor-element-532102c\" data-id=\"532102c\" data-element_type=\"column\">\n\t\t\t<div class=\"elementor-widget-wrap elementor-element-populated\">\n\t\t\t\t\t\t<div class=\"elementor-element elementor-element-03f1b65 elementor-widget elementor-widget-marity_core_section_title\" data-id=\"03f1b65\" data-element_type=\"widget\" data-widget_type=\"marity_core_section_title.default\">\n\t\t\t\t<div class=\"elementor-widget-container\">\n\t\t\t\t\t<div class=\"qodef-shortcode qodef-m  qodef-section-title qodef-show_supertitle--no qodef-alignment--left \">\n    \t\t<h1 class=\"qodef-m-title\" >\n\t\t\t\t\tContacto\t\t\t<\/h1>\n\t    <\/div>\n\t\t\t\t<\/div>\n\t\t\t\t<\/div>\n\t\t\t\t<section class=\"elementor-section elementor-inner-section elementor-element elementor-element-cc75284 elementor-section-full_width elementor-section-height-default elementor-section-height-default\" data-id=\"cc75284\" data-element_type=\"section\">\n\t\t\t\t\t\t<div class=\"elementor-container elementor-column-gap-no\">\n\t\t\t\t\t<div class=\"elementor-column elementor-col-50 elementor-inner-column elementor-element elementor-element-75b9cac\" data-id=\"75b9cac\" data-element_type=\"column\">\n\t\t\t<div class=\"elementor-widget-wrap elementor-element-populated\">\n\t\t\t\t\t\t<div class=\"elementor-element elementor-element-8a8900a elementor-widget elementor-widget-text-editor\" data-id=\"8a8900a\" data-element_type=\"widget\" data-widget_type=\"text-editor.default\">\n\t\t\t\t<div class=\"elementor-widget-container\">\n\t\t\t\t\t\t\t\t\t<div class=\"qodef-get-in-touch-holder qodef-hide-mobile\"><div class=\"qodef-get-in-touch-title-holder\"><h5 class=\"qodef-get-in-touch-title\">Direcci\u00f3n<\/h5><h5 class=\"qodef-get-in-touch-title\">Contacto<\/h5><\/div><div class=\"qodef-get-in-touch-content-holder\"><div class=\"qodef-get-in-touch-content\"><p class=\"qodef-name\">Paseo Miram\u00f3n 196,20014. Donostia\/San Sebasti\u00e1n.<br \/>(Spain)<\/p><\/div><div class=\"qodef-get-in-touch-content\"><p class=\"qodef-name\"><a href=\"mailto:contact@emissarycosmetics.com\">contact@emissarycosmetics.com<\/a><\/p><p><a class=\"qodef-number\" href=\"tel:+34 689269533\">+34 689269533<\/a><\/p><\/div><\/div><\/div>\t\t\t\t\t\t\t\t<\/div>\n\t\t\t\t<\/div>\n\t\t\t\t\t<\/div>\n\t\t<\/div>\n\t\t\t\t<div class=\"elementor-column elementor-col-50 elementor-inner-column elementor-element elementor-element-a399acf\" data-id=\"a399acf\" data-element_type=\"column\">\n\t\t\t<div class=\"elementor-widget-wrap elementor-element-populated\">\n\t\t\t\t\t\t<div class=\"elementor-element elementor-element-c7888c4 elementor-widget elementor-widget-wp-widget-marity_core_contact_form_7\" data-id=\"c7888c4\" data-element_type=\"widget\" data-widget_type=\"wp-widget-marity_core_contact_form_7.default\">\n\t\t\t\t<div class=\"elementor-widget-container\">\n\t\t\t\t\t\t\t\t<div class=\"qodef-contact-form-7\">\n\t\t\t\t\n<div class=\"wpcf7 no-js\" id=\"wpcf7-f2140-o1\" lang=\"en-US\" dir=\"ltr\" data-wpcf7-id=\"2140\">\n<div class=\"screen-reader-response\"><p role=\"status\" aria-live=\"polite\" aria-atomic=\"true\"><\/p> <ul><\/ul><\/div>\n<form action=\"\/emissarycosmetics\/index.php\/wp-json\/wp\/v2\/pages\/12924#wpcf7-f2140-o1\" method=\"post\" class=\"wpcf7-form init\" aria-label=\"Contact form\" novalidate=\"novalidate\" data-status=\"init\">\n<fieldset class=\"hidden-fields-container\"><input type=\"hidden\" name=\"_wpcf7\" value=\"2140\" \/><input type=\"hidden\" name=\"_wpcf7_version\" value=\"6.1\" \/><input type=\"hidden\" name=\"_wpcf7_locale\" value=\"en_US\" \/><input type=\"hidden\" name=\"_wpcf7_unit_tag\" value=\"wpcf7-f2140-o1\" \/><input type=\"hidden\" name=\"_wpcf7_container_post\" value=\"0\" \/><input type=\"hidden\" name=\"_wpcf7_posted_data_hash\" value=\"\" \/>\n<\/fieldset>\n<div class=\"qodef-classic-contact-form qodef-form-50-50\">\n\n<div class=\"qodef-contact-data\">\n\n <div class=\"qodef-name\">\n\n  <span class=\"wpcf7-form-control-wrap\" data-name=\"your-name\"><input size=\"40\" maxlength=\"400\" class=\"wpcf7-form-control wpcf7-text wpcf7-validates-as-required\" aria-required=\"true\" aria-invalid=\"false\" placeholder=\"Name\" value=\"\" type=\"text\" name=\"your-name\" \/><\/span>\n\n <\/div>\n\n <div class=\"qodef-mail\">\n\n  <span class=\"wpcf7-form-control-wrap\" data-name=\"your-email\"><input size=\"40\" maxlength=\"400\" class=\"wpcf7-form-control wpcf7-email wpcf7-validates-as-required wpcf7-text wpcf7-validates-as-email\" aria-required=\"true\" aria-invalid=\"false\" placeholder=\"Your Email\" value=\"\" type=\"email\" name=\"your-email\" \/><\/span>\n\n <\/div>\n\n<\/div>\n\n<span class=\"wpcf7-form-control-wrap\" data-name=\"your-message\"><textarea cols=\"40\" rows=\"4\" maxlength=\"2000\" class=\"wpcf7-form-control wpcf7-textarea\" aria-invalid=\"false\" placeholder=\"Message\" name=\"your-message\"><\/textarea><\/span>\n\n \n\n<button class=\"wpcf7-form-control wpcf7-submit qodef-button qodef-size--normal qodef-layout--outlined qodef-m\" type=\"submit\"><span class=\"qodef-m-text\">Submit<\/span><\/button>\n\n<\/div><p style=\"display: none !important;\" class=\"akismet-fields-container\" data-prefix=\"_wpcf7_ak_\"><label>&#916;<textarea name=\"_wpcf7_ak_hp_textarea\" cols=\"45\" rows=\"8\" maxlength=\"100\"><\/textarea><\/label><input type=\"hidden\" id=\"ak_js_1\" name=\"_wpcf7_ak_js\" value=\"153\"\/><script>document.getElementById( \"ak_js_1\" ).setAttribute( \"value\", ( new Date() ).getTime() );<\/script><\/p><div class=\"wpcf7-response-output\" aria-hidden=\"true\"><\/div>\n<\/form>\n<\/div>\n\t\t\t<\/div>\n\t\t\t\t\t\t\t<\/div>\n\t\t\t\t<\/div>\n\t\t\t\t\t<\/div>\n\t\t<\/div>\n\t\t\t\t\t<\/div>\n\t\t<\/section>\n\t\t\t\t\t<\/div>\n\t\t<\/div>\n\t\t\t\t\t<\/div>\n\t\t<\/section>\n\t\t\t\t<section class=\"elementor-section elementor-top-section elementor-element elementor-element-d5f9c6d elementor-section-full_width elementor-hidden-desktop elementor-hidden-tablet elementor-hidden-mobile elementor-section-height-default elementor-section-height-default\" data-id=\"d5f9c6d\" data-element_type=\"section\">\n\t\t\t\t\t\t<div class=\"elementor-container elementor-column-gap-no\">\n\t\t\t\t\t<div class=\"elementor-column elementor-col-100 elementor-top-column elementor-element elementor-element-c74e3c1\" data-id=\"c74e3c1\" data-element_type=\"column\">\n\t\t\t<div class=\"elementor-widget-wrap elementor-element-populated\">\n\t\t\t\t\t\t<div class=\"elementor-element elementor-element-90fa0dd elementor-widget elementor-widget-marity_core_tabs\" data-id=\"90fa0dd\" data-element_type=\"widget\" data-widget_type=\"marity_core_tabs.default\">\n\t\t\t\t<div class=\"elementor-widget-container\">\n\t\t\t\t\t<div class=\"qodef-shortcode qodef-m  qodef-tabs clear qodef-orientation--horizontal qodef-layout--simple\">\n\t<ul class=\"qodef-tabs-navigation\">\n\t\t\t\t\t<li>\n\t\t\t\t<a href=\"#qodef-tab-norway\">\n                    <span class=\"qodef-tabs-anchor-count\">01<\/span>\n                    <span class=\"qodef-tabs-anchor-text\">Norway<\/span>\n                <\/a>\n\t\t\t<\/li>\n\t\t\t\t\t<li>\n\t\t\t\t<a href=\"#qodef-tab-sweden\">\n                    <span class=\"qodef-tabs-anchor-count\">02<\/span>\n                    <span class=\"qodef-tabs-anchor-text\">Sweden<\/span>\n                <\/a>\n\t\t\t<\/li>\n\t\t\t\t\t<li>\n\t\t\t\t<a href=\"#qodef-tab-scotland\">\n                    <span class=\"qodef-tabs-anchor-count\">03<\/span>\n                    <span class=\"qodef-tabs-anchor-text\">Scotland<\/span>\n                <\/a>\n\t\t\t<\/li>\n\t\t\t<\/ul>\n\t\n<div class=\"qodef-tabs-content qodef-tabs-with-images qodef-tabs-image-one qodef-tabs-image-two\" id=\"qodef-tab-norway-686\">\n    <div class=\"qodef-tabs-content-inner\">\n        <h5 style=\"margin-bottom: 15px\">Oslo, General Office<\/h5>\n<div style=\"margin-bottom: 10px\"><a href=\"https:\/\/www.google.com\/maps\/place\/Munkedamsveien+21,+0250+Oslo,+Norway\/@59.9131523,10.7256358,17z\/data=!3m1!4b1!4m5!3m4!1s0x46416e8087e7aacd:0xbc66dc5986b521ef!8m2!3d59.9131496!4d10.7278245\" target=\"_blank\">Munkengveien 21 175 <br> 0376 Oslo<\/a><\/div>\n<div><a href=\"tel:012345678\">01-234 56 78<\/a><\/div>\n\n<h5 style=\"margin-bottom: 15px; margin-top: 40px\">Stavanger Office<\/h5>\n<div style=\"margin-bottom: 10px\"><a href=\"https:\/\/www.google.com\/maps\/place\/Munkedamsveien+21,+0250+Oslo,+Norway\/@59.9131523,10.7256358,17z\/data=!3m1!4b1!4m5!3m4!1s0x46416e8087e7aacd:0xbc66dc5986b521ef!8m2!3d59.9131496!4d10.7278245\" target=\"_blank\">Munkengveien 21 175 <br> 0376 Oslo<\/a><\/div>\n<div><a href=\"tel:012345678\">01-234 56 78<\/a><\/div>\n            <\/div>\n            <div class=\"qodef-tabs-content-images-inner\">\n    \n            <div class=\"qodef-image-holder qodef-one\">\n                    <\/div>\n    \n            <div class=\"qodef-image-holder qodef-two\">\n                    <\/div>\n    \n            <\/div>\n    <\/div>\n\n<div class=\"qodef-tabs-content qodef-tabs-with-images qodef-tabs-image-one qodef-tabs-image-two\" id=\"qodef-tab-sweden-26\">\n    <div class=\"qodef-tabs-content-inner\">\n        <h5 style=\"margin-bottom: 15px;\">Stockholm, General Office<\/h5>\n<div style=\"margin-bottom: 10px;\"><a href=\"https:\/\/www.google.com\/maps\/place\/Munkedamsveien+21,+0250+Oslo,+Norway\/@59.9131523,10.7256358,17z\/data=!3m1!4b1!4m5!3m4!1s0x46416e8087e7aacd:0xbc66dc5986b521ef!8m2!3d59.9131496!4d10.7278245\" target=\"_blank\" rel=\"noopener\">Munkengveien 21 175 <br>\n0376 Oslo<\/a><\/div>\n<div><a href=\"tel:012345678\">01-234 56 78<\/a><\/div>\n<h5 style=\"margin-bottom: 15px; margin-top: 40px;\">Malm\u00f6 Office<\/h5>\n<div style=\"margin-bottom: 10px;\"><a href=\"https:\/\/www.google.com\/maps\/place\/Munkedamsveien+21,+0250+Oslo,+Norway\/@59.9131523,10.7256358,17z\/data=!3m1!4b1!4m5!3m4!1s0x46416e8087e7aacd:0xbc66dc5986b521ef!8m2!3d59.9131496!4d10.7278245\" target=\"_blank\" rel=\"noopener\">Munkengveien 21 175 <br>\n0376 Oslo<\/a><\/div>\n<div><a href=\"tel:012345678\">01-234 56 78<\/a><\/div>\n            <\/div>\n            <div class=\"qodef-tabs-content-images-inner\">\n    \n            <div class=\"qodef-image-holder qodef-one\">\n                    <\/div>\n    \n            <div class=\"qodef-image-holder qodef-two\">\n                    <\/div>\n    \n            <\/div>\n    <\/div>\n\n<div class=\"qodef-tabs-content qodef-tabs-with-images qodef-tabs-image-one qodef-tabs-image-two\" id=\"qodef-tab-scotland-891\">\n    <div class=\"qodef-tabs-content-inner\">\n        <h5 style=\"margin-bottom: 15px;\">Edinburgh, General Office<\/h5>\n<div style=\"margin-bottom: 10px;\"><a href=\"https:\/\/www.google.com\/maps\/place\/Munkedamsveien+21,+0250+Oslo,+Norway\/@59.9131523,10.7256358,17z\/data=!3m1!4b1!4m5!3m4!1s0x46416e8087e7aacd:0xbc66dc5986b521ef!8m2!3d59.9131496!4d10.7278245\" target=\"_blank\" rel=\"noopener\">Munkengveien 21 175 <br>\n0376 Oslo<\/a><\/div>\n<div><a href=\"tel:012345678\">01-234 56 78<\/a><\/div>\n<h5 style=\"margin-bottom: 15px; margin-top: 40px;\">Glasgow Office<\/h5>\n<div style=\"margin-bottom: 10px;\"><a href=\"https:\/\/www.google.com\/maps\/place\/Munkedamsveien+21,+0250+Oslo,+Norway\/@59.9131523,10.7256358,17z\/data=!3m1!4b1!4m5!3m4!1s0x46416e8087e7aacd:0xbc66dc5986b521ef!8m2!3d59.9131496!4d10.7278245\" target=\"_blank\" rel=\"noopener\">Munkengveien 21 175 <br>\n0376 Oslo<\/a><\/div>\n<div><a href=\"tel:012345678\">01-234 56 78<\/a><\/div>\n            <\/div>\n            <div class=\"qodef-tabs-content-images-inner\">\n    \n            <div class=\"qodef-image-holder qodef-one\">\n                    <\/div>\n    \n            <div class=\"qodef-image-holder qodef-two\">\n                    <\/div>\n    \n            <\/div>\n    <\/div>\n<\/div>\n\t\t\t\t<\/div>\n\t\t\t\t<\/div>\n\t\t\t\t\t<\/div>\n\t\t<\/div>\n\t\t\t\t\t<\/div>\n\t\t<\/section>\n\t\t\t\t<\/div>\n\t\t","protected":false},"excerpt":{"rendered":"<p>Contacta con nosotros Si tienes alguna duda o quieres saber m\u00e1s sobre nuestra empresa o servicios, escr\u00edbenos y te atenderemos lo antes posible. Contacto Direcci\u00f3n Contacto Paseo Miram\u00f3n 196,20014. Donostia\/San Sebasti\u00e1n.(Spain) contact@emissarycosmetics.com +34 689269533 01 Norway 02 Sweden 03 Scotland Oslo, General Office Munkengveien 21 175 0376 Oslo 01-234 56 78 Stavanger Office Munkengveien 21 [&hellip;]<\/p>\n","protected":false},"author":1,"featured_media":0,"parent":0,"menu_order":0,"comment_status":"closed","ping_status":"closed","template":"page-full-width.php","meta":{"footnotes":""},"class_list":["post-12924","page","type-page","status-publish","hentry"],"_links":{"self":[{"href":"https:\/\/server8.berein.com\/emissarycosmetics\/index.php\/wp-json\/wp\/v2\/pages\/12924","targetHints":{"allow":["GET"]}}],"collection":[{"href":"https:\/\/server8.berein.com\/emissarycosmetics\/index.php\/wp-json\/wp\/v2\/pages"}],"about":[{"href":"https:\/\/server8.berein.com\/emissarycosmetics\/index.php\/wp-json\/wp\/v2\/types\/page"}],"author":[{"embeddable":true,"href":"https:\/\/server8.berein.com\/emissarycosmetics\/index.php\/wp-json\/wp\/v2\/users\/1"}],"replies":[{"embeddable":true,"href":"https:\/\/server8.berein.com\/emissarycosmetics\/index.php\/wp-json\/wp\/v2\/comments?post=12924"}],"version-history":[{"count":29,"href":"https:\/\/server8.berein.com\/emissarycosmetics\/index.php\/wp-json\/wp\/v2\/pages\/12924\/revisions"}],"predecessor-version":[{"id":13686,"href":"https:\/\/server8.berein.com\/emissarycosmetics\/index.php\/wp-json\/wp\/v2\/pages\/12924\/revisions\/13686"}],"wp:attachment":[{"href":"https:\/\/server8.berein.com\/emissarycosmetics\/index.php\/wp-json\/wp\/v2\/media?parent=12924"}],"curies":[{"name":"wp","href":"https:\/\/api.w.org\/{rel}","templated":true}]}}