{"id":11573,"date":"2025-02-26T11:49:50","date_gmt":"2025-02-26T11:49:50","guid":{"rendered":"https:\/\/server8.berein.com\/emissarycosmetics\/?page_id=11573"},"modified":"2025-07-22T19:21:49","modified_gmt":"2025-07-22T19:21:49","slug":"somos","status":"publish","type":"page","link":"https:\/\/server8.berein.com\/emissarycosmetics\/index.php\/somos\/","title":{"rendered":"Somos"},"content":{"rendered":"\t\t<div data-elementor-type=\"wp-page\" data-elementor-id=\"11573\" class=\"elementor elementor-11573\" data-elementor-post-type=\"page\">\n\t\t\t\t<div class=\"elementor-element elementor-element-82c24f9 e-con-full e-flex e-con e-parent\" data-id=\"82c24f9\" data-element_type=\"container\" data-settings=\"{&quot;background_background&quot;:&quot;classic&quot;}\">\n\t\t<div class=\"elementor-element elementor-element-8664580 e-con-full e-flex e-con e-child\" data-id=\"8664580\" data-element_type=\"container\" data-settings=\"{&quot;background_background&quot;:&quot;video&quot;,&quot;background_video_link&quot;:&quot;https:\\\/\\\/vimeo.com\\\/1088408450&quot;,&quot;background_play_on_mobile&quot;:&quot;yes&quot;}\">\n\t\t<div class=\"elementor-background-video-container\">\n\t\t\t\t\t\t\t<div class=\"elementor-background-video-embed\"><\/div>\n\t\t\t\t\t\t<\/div><div class=\"elementor-element elementor-element-b4571e0 e-con-full e-flex e-con e-child\" data-id=\"b4571e0\" data-element_type=\"container\">\n\t\t\t\t<div class=\"elementor-element elementor-element-3d5d389 elementor-widget elementor-widget-woocommerce-breadcrumb\" data-id=\"3d5d389\" data-element_type=\"widget\" data-widget_type=\"woocommerce-breadcrumb.default\">\n\t\t\t\t<div class=\"elementor-widget-container\">\n\t\t\t\t\t<nav class=\"woocommerce-breadcrumb\" aria-label=\"Breadcrumb\">Inicio<\/nav>\t\t\t\t<\/div>\n\t\t\t\t<\/div>\n\t\t\t\t<div class=\"elementor-element elementor-element-ee535ae animated-slow futuristic-title elementor-invisible elementor-widget elementor-widget-heading\" data-id=\"ee535ae\" data-element_type=\"widget\" data-settings=\"{&quot;_animation&quot;:&quot;fadeInLeft&quot;,&quot;_animation_delay&quot;:200}\" data-widget_type=\"heading.default\">\n\t\t\t\t<div class=\"elementor-widget-container\">\n\t\t\t\t\t<h2 class=\"elementor-heading-title elementor-size-default\">La revoluci\u00f3n en el uso de ingredientes activos a trav\u00e9s de tecnolog\u00edas delivery avanzadas<\/h2>\t\t\t\t<\/div>\n\t\t\t\t<\/div>\n\t\t\t\t<div class=\"elementor-element elementor-element-a44b069 elementor-hidden-desktop elementor-hidden-tablet elementor-hidden-mobile elementor-widget elementor-widget-spacer\" data-id=\"a44b069\" data-element_type=\"widget\" data-widget_type=\"spacer.default\">\n\t\t\t\t<div class=\"elementor-widget-container\">\n\t\t\t\t\t\t\t<div class=\"elementor-spacer\">\n\t\t\t<div class=\"elementor-spacer-inner\"><\/div>\n\t\t<\/div>\n\t\t\t\t\t\t<\/div>\n\t\t\t\t<\/div>\n\t\t\t\t<div class=\"elementor-element elementor-element-499c2f1 elementor-hidden-desktop elementor-hidden-tablet elementor-hidden-mobile elementor-invisible elementor-widget elementor-widget-qi_addons_for_elementor_highlight\" data-id=\"499c2f1\" data-element_type=\"widget\" data-settings=\"{&quot;_animation&quot;:&quot;fadeIn&quot;,&quot;_animation_delay&quot;:300}\" data-widget_type=\"qi_addons_for_elementor_highlight.default\">\n\t\t\t\t<div class=\"elementor-widget-container\">\n\t\t\t\t\t<h6 class=\"qodef-shortcode qodef-m qodef-qi-highlight qodef-qi--has-appear qodef-highlight-style--color\" data-appear-delay=\"1200\">\n\tSoluciones que potencian <span class=\"qodef-highlight-text\" style=\"background-image: linear-gradient(to bottom, transparent 11%, #133DF2 11%, #133DF2 89%, transparent 89%)\">la eficacia,<\/span> <span class=\"qodef-highlight-text\" style=\"background-image: linear-gradient(to bottom, transparent 11%, #133DF2 11%, #133DF2 89%, transparent 89%)\">la estabilidad<\/span> y <span class=\"qodef-highlight-text\" style=\"background-image: linear-gradient(to bottom, transparent 11%, #133DF2 11%, #133DF2 89%, transparent 89%)\">el rendimiento<\/span> de los productos cosm\u00e9ticos<\/h6>\n\t\t\t\t<\/div>\n\t\t\t\t<\/div>\n\t\t\t\t<\/div>\n\t\t\t\t<\/div>\n\t\t\t\t<\/div>\n\t\t<div class=\"elementor-element elementor-element-f8d4a79 e-con-full e-flex e-con e-parent\" data-id=\"f8d4a79\" data-element_type=\"container\" data-settings=\"{&quot;background_motion_fx_blur_effect&quot;:&quot;yes&quot;,&quot;background_motion_fx_blur_level&quot;:{&quot;unit&quot;:&quot;px&quot;,&quot;size&quot;:6,&quot;sizes&quot;:[]},&quot;background_motion_fx_blur_direction&quot;:&quot;out-in&quot;,&quot;background_motion_fx_blur_range&quot;:{&quot;unit&quot;:&quot;%&quot;,&quot;size&quot;:&quot;&quot;,&quot;sizes&quot;:{&quot;start&quot;:20,&quot;end&quot;:80}},&quot;background_motion_fx_devices&quot;:[&quot;desktop&quot;,&quot;tablet&quot;,&quot;mobile&quot;]}\">\n\t\t<div class=\"elementor-element elementor-element-faf7fde e-con-full e-flex e-con e-child\" data-id=\"faf7fde\" data-element_type=\"container\" data-settings=\"{&quot;background_background&quot;:&quot;classic&quot;}\">\n\t\t<div class=\"elementor-element elementor-element-bc4cd5a e-con-full e-flex e-con e-child\" data-id=\"bc4cd5a\" data-element_type=\"container\" data-settings=\"{&quot;background_background&quot;:&quot;classic&quot;}\">\n\t\t<div class=\"elementor-element elementor-element-ae1d4be e-con-full e-transform e-flex e-con e-child\" data-id=\"ae1d4be\" data-element_type=\"container\" data-settings=\"{&quot;background_background&quot;:&quot;classic&quot;,&quot;_transform_rotateZ_effect&quot;:{&quot;unit&quot;:&quot;px&quot;,&quot;size&quot;:&quot;&quot;,&quot;sizes&quot;:[]},&quot;_transform_rotateZ_effect_tablet&quot;:{&quot;unit&quot;:&quot;deg&quot;,&quot;size&quot;:&quot;&quot;,&quot;sizes&quot;:[]},&quot;_transform_rotateZ_effect_mobile&quot;:{&quot;unit&quot;:&quot;deg&quot;,&quot;size&quot;:&quot;&quot;,&quot;sizes&quot;:[]}}\">\n\t\t\t\t<div class=\"elementor-element elementor-element-5fc2c9f e-transform elementor-view-default elementor-widget elementor-widget-icon\" data-id=\"5fc2c9f\" data-element_type=\"widget\" data-settings=\"{&quot;_transform_rotateZ_effect&quot;:{&quot;unit&quot;:&quot;px&quot;,&quot;size&quot;:45,&quot;sizes&quot;:[]},&quot;_transform_rotateZ_effect_mobile&quot;:{&quot;unit&quot;:&quot;deg&quot;,&quot;size&quot;:135,&quot;sizes&quot;:[]},&quot;_transform_rotateZ_effect_tablet&quot;:{&quot;unit&quot;:&quot;deg&quot;,&quot;size&quot;:&quot;&quot;,&quot;sizes&quot;:[]}}\" data-widget_type=\"icon.default\">\n\t\t\t\t<div class=\"elementor-widget-container\">\n\t\t\t\t\t\t\t<div class=\"elementor-icon-wrapper\">\n\t\t\t<div class=\"elementor-icon\">\n\t\t\t<svg xmlns=\"http:\/\/www.w3.org\/2000\/svg\" xmlns:xlink=\"http:\/\/www.w3.org\/1999\/xlink\" id=\"Capa_1\" x=\"0px\" y=\"0px\" viewBox=\"0 0 246.4 248.9\" xml:space=\"preserve\"><g>\t<polyline fill=\"none\" stroke=\"#000000\" stroke-width=\"2.8346\" stroke-miterlimit=\"10\" points=\"3.2,4.4 243.2,4.4 243.2,244.4  \"><\/polyline>\t<line fill=\"none\" stroke=\"#000000\" stroke-width=\"2.8346\" stroke-miterlimit=\"10\" x1=\"242.7\" y1=\"4.9\" x2=\"3.2\" y2=\"244.4\"><\/line><\/g><\/svg>\t\t\t<\/div>\n\t\t<\/div>\n\t\t\t\t\t\t<\/div>\n\t\t\t\t<\/div>\n\t\t\t\t<\/div>\n\t\t<div class=\"elementor-element elementor-element-4cd0103 e-con-full e-flex e-con e-child\" data-id=\"4cd0103\" data-element_type=\"container\">\n\t\t\t\t<div class=\"elementor-element elementor-element-d9e5546 elementor-widget elementor-widget-text-editor\" data-id=\"d9e5546\" data-element_type=\"widget\" data-widget_type=\"text-editor.default\">\n\t\t\t\t<div class=\"elementor-widget-container\">\n\t\t\t\t\t\t\t\t\t<p>Socio estrat\u00e9gico en el sector cosm\u00e9tico y dermocosm\u00e9tico<\/p>\t\t\t\t\t\t\t\t<\/div>\n\t\t\t\t<\/div>\n\t\t\t\t<\/div>\n\t\t\t\t<\/div>\n\t\t<div class=\"elementor-element elementor-element-4af8bad e-con-full e-flex e-con e-child\" data-id=\"4af8bad\" data-element_type=\"container\">\n\t\t<div class=\"elementor-element elementor-element-cb4e6fb e-con-full e-flex e-con e-child\" data-id=\"cb4e6fb\" data-element_type=\"container\">\n\t\t\t\t<div class=\"elementor-element elementor-element-e79f7f4 elementor-widget__width-initial elementor-widget elementor-widget-marity_core_section_title\" data-id=\"e79f7f4\" data-element_type=\"widget\" data-widget_type=\"marity_core_section_title.default\">\n\t\t\t\t<div class=\"elementor-widget-container\">\n\t\t\t\t\t<div class=\"qodef-shortcode qodef-m  qodef-section-title qodef-show_supertitle--no qodef-alignment--left \">\n    \t\t<h2 class=\"qodef-m-title\" style=\"color: #133DF2\">\n\t\t\t\t\tEspecialistas en desarrollar soluciones innovadoras que potencian la eficacia, la estabilidad y el rendimiento de los productos de nuestros clientes\t\t\t<\/h2>\n\t    <\/div>\n\t\t\t\t<\/div>\n\t\t\t\t<\/div>\n\t\t\t\t<\/div>\n\t\t\t\t<\/div>\n\t\t<div class=\"elementor-element elementor-element-85191e0 e-con-full e-flex e-con e-child\" data-id=\"85191e0\" data-element_type=\"container\">\n\t\t<div class=\"elementor-element elementor-element-4998096 e-con-full e-flex e-con e-child\" data-id=\"4998096\" data-element_type=\"container\">\n\t\t\t\t<div class=\"elementor-element elementor-element-c0bbd40 elementor-widget__width-initial elementor-widget-mobile__width-inherit elementor-widget elementor-widget-marity_core_icon_with_text\" data-id=\"c0bbd40\" data-element_type=\"widget\" data-widget_type=\"marity_core_icon_with_text.default\">\n\t\t\t\t<div class=\"elementor-widget-container\">\n\t\t\t\t\t<div class=\"qodef-shortcode qodef-m  qodef-icon-with-text qodef-layout--before-content qodef-icon-gradient-bg--no qodef--no-icon  qodef--enable-link-holder qodef-button-alignment--center\">\n\t<div class=\"qodef-m-icon-wrapper\" >\n\t\t\t<\/div>\n\t<div class=\"qodef-m-content\">\n\t\t\t<h5 class=\"qodef-m-title\" >\n\t\t\t\t\t<span class=\"qodef-m-title-text\">Eficacia mejorada<\/span>\n\t\t\t<\/h5>\n\t\t\t<p class=\"qodef-m-text\" >Ingredientes dise\u00f1ados para maximizar su rendimiento y garantizar resultados \u00f3ptimos.<\/p>\n        \t<\/div>\n<\/div>\n\t\t\t\t<\/div>\n\t\t\t\t<\/div>\n\t\t\t\t<\/div>\n\t\t\t\t<\/div>\n\t\t<div class=\"elementor-element elementor-element-d0d1820 e-con-full e-flex e-con e-child\" data-id=\"d0d1820\" data-element_type=\"container\">\n\t\t<div class=\"elementor-element elementor-element-81df60b e-con-full e-flex e-con e-child\" data-id=\"81df60b\" data-element_type=\"container\">\n\t\t\t\t<div class=\"elementor-element elementor-element-aed25dc elementor-widget__width-initial elementor-widget-mobile__width-inherit elementor-widget elementor-widget-marity_core_icon_with_text\" data-id=\"aed25dc\" data-element_type=\"widget\" data-widget_type=\"marity_core_icon_with_text.default\">\n\t\t\t\t<div class=\"elementor-widget-container\">\n\t\t\t\t\t<div class=\"qodef-shortcode qodef-m  qodef-icon-with-text qodef-layout--before-content qodef-icon-gradient-bg--no qodef--no-icon  qodef--enable-link-holder qodef-button-alignment--center\">\n\t<div class=\"qodef-m-icon-wrapper\" >\n\t\t\t<\/div>\n\t<div class=\"qodef-m-content\">\n\t\t\t<h5 class=\"qodef-m-title\" >\n\t\t\t\t\t<span class=\"qodef-m-title-text\">Estabilidad superior<\/span>\n\t\t\t<\/h5>\n\t\t\t<p class=\"qodef-m-text\" >Sistemas de encapsulado que protegen los ingredientes activos evitando su degradaci\u00f3n.<\/p>\n        \t<\/div>\n<\/div>\n\t\t\t\t<\/div>\n\t\t\t\t<\/div>\n\t\t\t\t<div class=\"elementor-element elementor-element-1ee802d elementor-widget__width-initial elementor-widget-mobile__width-inherit elementor-widget elementor-widget-marity_core_icon_with_text\" data-id=\"1ee802d\" data-element_type=\"widget\" data-widget_type=\"marity_core_icon_with_text.default\">\n\t\t\t\t<div class=\"elementor-widget-container\">\n\t\t\t\t\t<div class=\"qodef-shortcode qodef-m  qodef-icon-with-text qodef-layout--before-content qodef-icon-gradient-bg--no qodef--no-icon  qodef--enable-link-holder qodef-button-alignment--center\">\n\t<div class=\"qodef-m-icon-wrapper\" >\n\t\t\t<\/div>\n\t<div class=\"qodef-m-content\">\n\t\t\t<h5 class=\"qodef-m-title\" >\n\t\t\t\t\t<span class=\"qodef-m-title-text\">Encapsulaci\u00f3n avanzada<\/span>\n\t\t\t<\/h5>\n\t\t\t<p class=\"qodef-m-text\" >M\u00e9todos innovadores que aseguran la liberaci\u00f3n precisa y controlada de los activos.<\/p>\n        \t<\/div>\n<\/div>\n\t\t\t\t<\/div>\n\t\t\t\t<\/div>\n\t\t\t\t<\/div>\n\t\t\t\t<\/div>\n\t\t\t\t<\/div>\n\t\t<div class=\"elementor-element elementor-element-f8eb6e3 e-con-full e-flex e-con e-child\" data-id=\"f8eb6e3\" data-element_type=\"container\" data-settings=\"{&quot;background_background&quot;:&quot;video&quot;,&quot;background_video_link&quot;:&quot;https:\\\/\\\/vimeo.com\\\/1088418713&quot;,&quot;background_motion_fx_translateY_effect&quot;:&quot;yes&quot;,&quot;background_motion_fx_translateY_speed&quot;:{&quot;unit&quot;:&quot;px&quot;,&quot;size&quot;:4,&quot;sizes&quot;:[]},&quot;background_motion_fx_translateY_affectedRange&quot;:{&quot;unit&quot;:&quot;%&quot;,&quot;size&quot;:&quot;&quot;,&quot;sizes&quot;:{&quot;start&quot;:0,&quot;end&quot;:100}},&quot;background_motion_fx_devices&quot;:[&quot;desktop&quot;,&quot;tablet&quot;,&quot;mobile&quot;]}\">\n\t\t<div class=\"elementor-background-video-container elementor-hidden-mobile\">\n\t\t\t\t\t\t\t<div class=\"elementor-background-video-embed\"><\/div>\n\t\t\t\t\t\t<\/div>\t\t<\/div>\n\t\t\t\t<\/div>\n\t\t\t\t<section class=\"elementor-section elementor-top-section elementor-element elementor-element-8ef75a3 elementor-section-full_width qodef-elementor-content-grid elementor-section-height-default elementor-section-height-default\" data-id=\"8ef75a3\" data-element_type=\"section\" data-settings=\"{&quot;background_background&quot;:&quot;classic&quot;}\">\n\t\t\t\t\t\t<div class=\"elementor-container elementor-column-gap-no\">\n\t\t\t\t\t<div class=\"elementor-column elementor-col-100 elementor-top-column elementor-element elementor-element-00e6a7a\" data-id=\"00e6a7a\" data-element_type=\"column\">\n\t\t\t<div class=\"elementor-widget-wrap elementor-element-populated\">\n\t\t\t\t\t\t<div class=\"elementor-element elementor-element-8f55867 elementor-widget__width-initial elementor-widget-tablet__width-inherit elementor-widget elementor-widget-marity_core_section_title\" data-id=\"8f55867\" data-element_type=\"widget\" data-widget_type=\"marity_core_section_title.default\">\n\t\t\t\t<div class=\"elementor-widget-container\">\n\t\t\t\t\t<div class=\"qodef-shortcode qodef-m  qodef-section-title qodef-show_supertitle--yes qodef-alignment--center \">\n    \t<p class=\"qodef-m-supertitle\" style=\"color: #FFFFFF\">Nuestro Valor<\/p>\n    <span class=\"qodef-e-subtitle-line\" style=\"background-color: #02010100\"><\/span>\n\t\t<h2 class=\"qodef-m-title\" style=\"color: #FFFFFF\">\n\t\t\t\t\tCreamos valor real para nuestros clientes al ofrecer ingredientes que no solo cumplen, sino que superan las expectativas de rendimiento y calidad.\t\t\t<\/h2>\n\t    <\/div>\n\t\t\t\t<\/div>\n\t\t\t\t<\/div>\n\t\t\t\t\t<\/div>\n\t\t<\/div>\n\t\t\t\t\t<\/div>\n\t\t<\/section>\n\t\t\t\t<section class=\"elementor-section elementor-top-section elementor-element elementor-element-6cacc0b elementor-section-full_width elementor-section-height-default elementor-section-height-default\" data-id=\"6cacc0b\" data-element_type=\"section\">\n\t\t\t\t\t\t<div class=\"elementor-container elementor-column-gap-default\">\n\t\t\t\t\t<div class=\"elementor-column elementor-col-100 elementor-top-column elementor-element elementor-element-bb47928\" data-id=\"bb47928\" data-element_type=\"column\">\n\t\t\t<div class=\"elementor-widget-wrap elementor-element-populated\">\n\t\t\t\t\t\t<div class=\"elementor-element elementor-element-7078dfb elementor-widget elementor-widget-marity_core_section_title\" data-id=\"7078dfb\" data-element_type=\"widget\" data-widget_type=\"marity_core_section_title.default\">\n\t\t\t\t<div class=\"elementor-widget-container\">\n\t\t\t\t\t<div class=\"qodef-shortcode qodef-m  qodef-section-title qodef-show_supertitle--yes qodef-alignment--left \">\n    \t<p class=\"qodef-m-supertitle\" >Nuestro Modelo de Negocio<\/p>\n    <span class=\"qodef-e-subtitle-line\" ><\/span>\n\t\t<h2 class=\"qodef-m-title\" style=\"color: #133DF2\">\n\t\t\t\t\tFlexibilidad, innovaci\u00f3n y <br> colaboraci\u00f3n estrat\u00e9gica\t\t\t<\/h2>\n\t    <\/div>\n\t\t\t\t<\/div>\n\t\t\t\t<\/div>\n\t\t\t\t\t<\/div>\n\t\t<\/div>\n\t\t\t\t\t<\/div>\n\t\t<\/section>\n\t\t\t\t<section class=\"elementor-section elementor-top-section elementor-element elementor-element-3cc753c elementor-section-full_width elementor-section-height-default elementor-section-height-default\" data-id=\"3cc753c\" data-element_type=\"section\">\n\t\t\t\t\t\t<div class=\"elementor-container elementor-column-gap-default\">\n\t\t\t\t\t<div class=\"elementor-column elementor-col-50 elementor-top-column elementor-element elementor-element-0825f8c\" data-id=\"0825f8c\" data-element_type=\"column\">\n\t\t\t<div class=\"elementor-widget-wrap elementor-element-populated\">\n\t\t\t\t\t\t<div class=\"elementor-element elementor-element-adf0c9d elementor-widget elementor-widget-marity_core_accordion\" data-id=\"adf0c9d\" data-element_type=\"widget\" data-widget_type=\"marity_core_accordion.default\">\n\t\t\t\t<div class=\"elementor-widget-container\">\n\t\t\t\t\t<div class=\"qodef-shortcode qodef-m  qodef-accordion clear qodef-behavior--accordion qodef-title-reverse-order--yes qodef-layout--simple\">\n\t<h6 class=\"qodef-accordion-title\">\n\t<span class=\"qodef-tab-title\">Portfolio<\/span>\n\t<span class=\"qodef-accordion-mark\">\n\t\t<span class=\"qodef-icon--plus\">\n            <svg xmlns=\"http:\/\/www.w3.org\/2000\/svg\" width=\"15\" height=\"15\" viewBox=\"0 0 15 15\" fill=\"currentColor\" stroke=\"none\">\n                <path d=\"M0 7h15v1H0z\"\/>\n                <path d=\"M7 15V0h1v15z\"\/>\n            <\/svg>\n        <\/span>\n\t<\/span>\n<\/h6>\n<div class=\"qodef-accordion-content\">\n\t<div class=\"qodef-accordion-content-inner\">\n\t\t<h4>Disponemos de un cat\u00e1logo de ingredientes encapsulados listos para ser utilizados, que vendemos directamente o a trav\u00e9s de <strong>nuestra red de distribuidores.<\/strong><\/h4><h4 style=\"font-weight: 400;\">Si est\u00e1s interesado en la distribuci\u00f3n de nuestros ingredientes activos, te invitamos a contactarnos.<\/h4><h4 style=\"font-weight: 400;\">\u00a0<\/h4>\t<\/div>\n<\/div>\n<h6 class=\"qodef-accordion-title\">\n\t<span class=\"qodef-tab-title\">Proyectos Llave en Mano<\/span>\n\t<span class=\"qodef-accordion-mark\">\n\t\t<span class=\"qodef-icon--plus\">\n            <svg xmlns=\"http:\/\/www.w3.org\/2000\/svg\" width=\"15\" height=\"15\" viewBox=\"0 0 15 15\" fill=\"currentColor\" stroke=\"none\">\n                <path d=\"M0 7h15v1H0z\"\/>\n                <path d=\"M7 15V0h1v15z\"\/>\n            <\/svg>\n        <\/span>\n\t<\/span>\n<\/h6>\n<div class=\"qodef-accordion-content\">\n\t<div class=\"qodef-accordion-content-inner\">\n\t\t<h4>Desarrollamos proyectos personalizados para nuestros clientes, formulando y encapsulando ingredientes de manera exclusiva o dise\u00f1ando formulaciones completamente novedosas basadas en nuestros propios activos.<\/h4>\t<\/div>\n<\/div>\n<\/div>\n\t\t\t\t<\/div>\n\t\t\t\t<\/div>\n\t\t\t\t\t<\/div>\n\t\t<\/div>\n\t\t\t\t<div class=\"elementor-column elementor-col-50 elementor-top-column elementor-element elementor-element-2d29c9d\" data-id=\"2d29c9d\" data-element_type=\"column\" data-settings=\"{&quot;background_background&quot;:&quot;classic&quot;}\">\n\t\t\t<div class=\"elementor-widget-wrap elementor-element-populated\">\n\t\t\t\t\t\t<section class=\"elementor-section elementor-inner-section elementor-element elementor-element-85d870f elementor-section-height-min-height elementor-section-content-bottom elementor-section-boxed elementor-section-height-default\" data-id=\"85d870f\" data-element_type=\"section\">\n\t\t\t\t\t\t<div class=\"elementor-container elementor-column-gap-default\">\n\t\t\t\t\t<div class=\"elementor-column elementor-col-100 elementor-inner-column elementor-element elementor-element-fc983ae\" data-id=\"fc983ae\" data-element_type=\"column\">\n\t\t\t<div class=\"elementor-widget-wrap elementor-element-populated\">\n\t\t\t\t\t\t<div class=\"elementor-element elementor-element-f74c440 elementor-widget__width-initial elementor-widget-mobile__width-inherit elementor-hidden-desktop elementor-hidden-tablet elementor-hidden-mobile elementor-widget elementor-widget-marity_core_counter\" data-id=\"f74c440\" data-element_type=\"widget\" data-widget_type=\"marity_core_counter.default\">\n\t\t\t\t<div class=\"elementor-widget-container\">\n\t\t\t\t\t<div class=\"qodef-shortcode qodef-m  qodef-counter qodef-layout--simple qodef-glossy-box--yes qodef-line-bulb--no\" data-start-digit=\"473\" data-end-digit=\"483\" data-digit-label=\"*\">\n\t<div class=\"qodef-m-digit-wrapper\">\n\t\t<span class=\"qodef-m-digit\" ><\/span>\n\t<\/div>\n\t<div class=\"qodef-m-content\">\n        <span class=\"qodef-decoration-line\"><\/span>\n\t\t\t<p class=\"qodef-m-title\" style=\"margin-top: 6px\">\n\t\t\t\t\ttechnologies developed\t\t\t<\/p>\n\t\t\t<\/div>\n<\/div>\n\t\t\t\t<\/div>\n\t\t\t\t<\/div>\n\t\t\t\t<div class=\"elementor-element elementor-element-75468d6 elementor-widget__width-initial elementor-widget-mobile__width-inherit elementor-hidden-desktop elementor-hidden-tablet elementor-hidden-mobile elementor-widget elementor-widget-marity_core_counter\" data-id=\"75468d6\" data-element_type=\"widget\" data-widget_type=\"marity_core_counter.default\">\n\t\t\t\t<div class=\"elementor-widget-container\">\n\t\t\t\t\t<div class=\"qodef-shortcode qodef-m  qodef-counter qodef-layout--simple qodef-glossy-box--yes qodef-line-bulb--no\" data-start-digit=\"165\" data-end-digit=\"175\" data-digit-label=\"*\">\n\t<div class=\"qodef-m-digit-wrapper\">\n\t\t<span class=\"qodef-m-digit\" ><\/span>\n\t<\/div>\n\t<div class=\"qodef-m-content\">\n        <span class=\"qodef-decoration-line\"><\/span>\n\t\t\t<p class=\"qodef-m-title\" style=\"margin-top: 6px\">\n\t\t\t\t\tprojects done\t\t\t<\/p>\n\t\t\t<\/div>\n<\/div>\n\t\t\t\t<\/div>\n\t\t\t\t<\/div>\n\t\t\t\t\t<\/div>\n\t\t<\/div>\n\t\t\t\t\t<\/div>\n\t\t<\/section>\n\t\t\t\t\t<\/div>\n\t\t<\/div>\n\t\t\t\t\t<\/div>\n\t\t<\/section>\n\t\t<div class=\"elementor-element elementor-element-36cdca4 e-con-full e-flex e-con e-parent\" data-id=\"36cdca4\" data-element_type=\"container\" data-settings=\"{&quot;background_background&quot;:&quot;classic&quot;}\">\n\t\t<div class=\"elementor-element elementor-element-4eb8cc0 e-con-full e-flex e-con e-child\" data-id=\"4eb8cc0\" data-element_type=\"container\">\n\t\t\t\t<div class=\"elementor-element elementor-element-84b8e8a elementor-widget elementor-widget-heading\" data-id=\"84b8e8a\" data-element_type=\"widget\" data-widget_type=\"heading.default\">\n\t\t\t\t<div class=\"elementor-widget-container\">\n\t\t\t\t\t<h2 class=\"elementor-heading-title elementor-size-default\">Un enfoque centrado en la<\/h2>\t\t\t\t<\/div>\n\t\t\t\t<\/div>\n\t\t\t\t<div class=\"elementor-element elementor-element-57fc532 elementor-widget elementor-widget-qi_addons_for_elementor_typeout_text\" data-id=\"57fc532\" data-element_type=\"widget\" data-widget_type=\"qi_addons_for_elementor_typeout_text.default\">\n\t\t\t\t<div class=\"elementor-widget-container\">\n\t\t\t\t\t<div class=\"qodef-shortcode qodef-m qodef-qi-typeout-text\" data-strings=\"[&quot;innovaci\\u00f3n&quot;,&quot;calidad&quot;,&quot;diferenciaci\\u00f3n&quot;]\" data-cursor=\"|\">\n\t<h1 class=\"qodef-m-text\">\n\t\t\t\t<span class=\"qodef-typeout-holder\">\n\t\t\t<span class=\"qodef-typeout\"><\/span>\n\t\t<\/span>\n\t<\/h1>\n<\/div>\n\t\t\t\t<\/div>\n\t\t\t\t<\/div>\n\t\t\t\t<\/div>\n\t\t<div class=\"elementor-element elementor-element-74dc0f8 e-con-full e-flex e-con e-child\" data-id=\"74dc0f8\" data-element_type=\"container\">\n\t\t\t\t<div class=\"elementor-element elementor-element-2c1de8b elementor-widget elementor-widget-text-editor\" data-id=\"2c1de8b\" data-element_type=\"widget\" data-widget_type=\"text-editor.default\">\n\t\t\t\t<div class=\"elementor-widget-container\">\n\t\t\t\t\t\t\t\t\t<p style=\"font-weight: 400;\">Nuestro modelo de negocio nos posiciona como un referente en tecnolog\u00eda de encapsulaci\u00f3n y desarrollo de ingredientes activos.<\/p>\t\t\t\t\t\t\t\t<\/div>\n\t\t\t\t<\/div>\n\t\t\t\t<div class=\"elementor-element elementor-element-068517f elementor-widget elementor-widget-text-editor\" data-id=\"068517f\" data-element_type=\"widget\" data-widget_type=\"text-editor.default\">\n\t\t\t\t<div class=\"elementor-widget-container\">\n\t\t\t\t\t\t\t\t\t<p style=\"font-weight: 400;\">Este enfoque nos permite adaptarnos a las necesidades espec\u00edficas de cada cliente, ofreciendo soluciones \u00fanicas y exclusivas que agregan un valor y una diferenciaci\u00f3n reales a su negocio.<\/p>\t\t\t\t\t\t\t\t<\/div>\n\t\t\t\t<\/div>\n\t\t\t\t<\/div>\n\t\t\t\t<\/div>\n\t\t\t\t<\/div>\n\t\t","protected":false},"excerpt":{"rendered":"<p>La revoluci\u00f3n en el uso de ingredientes activos a trav\u00e9s de tecnolog\u00edas delivery avanzadas Soluciones que potencian la eficacia, la estabilidad y el rendimiento de los productos cosm\u00e9ticos Socio estrat\u00e9gico en el sector cosm\u00e9tico y dermocosm\u00e9tico Especialistas en desarrollar soluciones innovadoras que potencian la eficacia, la estabilidad y el rendimiento de los productos de nuestros [&hellip;]<\/p>\n","protected":false},"author":1,"featured_media":0,"parent":0,"menu_order":0,"comment_status":"closed","ping_status":"closed","template":"page-full-width.php","meta":{"footnotes":""},"class_list":["post-11573","page","type-page","status-publish","hentry"],"_links":{"self":[{"href":"https:\/\/server8.berein.com\/emissarycosmetics\/index.php\/wp-json\/wp\/v2\/pages\/11573","targetHints":{"allow":["GET"]}}],"collection":[{"href":"https:\/\/server8.berein.com\/emissarycosmetics\/index.php\/wp-json\/wp\/v2\/pages"}],"about":[{"href":"https:\/\/server8.berein.com\/emissarycosmetics\/index.php\/wp-json\/wp\/v2\/types\/page"}],"author":[{"embeddable":true,"href":"https:\/\/server8.berein.com\/emissarycosmetics\/index.php\/wp-json\/wp\/v2\/users\/1"}],"replies":[{"embeddable":true,"href":"https:\/\/server8.berein.com\/emissarycosmetics\/index.php\/wp-json\/wp\/v2\/comments?post=11573"}],"version-history":[{"count":214,"href":"https:\/\/server8.berein.com\/emissarycosmetics\/index.php\/wp-json\/wp\/v2\/pages\/11573\/revisions"}],"predecessor-version":[{"id":13433,"href":"https:\/\/server8.berein.com\/emissarycosmetics\/index.php\/wp-json\/wp\/v2\/pages\/11573\/revisions\/13433"}],"wp:attachment":[{"href":"https:\/\/server8.berein.com\/emissarycosmetics\/index.php\/wp-json\/wp\/v2\/media?parent=11573"}],"curies":[{"name":"wp","href":"https:\/\/api.w.org\/{rel}","templated":true}]}}